{"id":67,"date":"2014-05-29T15:30:33","date_gmt":"2014-05-29T15:30:33","guid":{"rendered":"http:\/\/ddeco.es\/?page_id=67"},"modified":"2014-10-07T16:37:48","modified_gmt":"2014-10-07T16:37:48","slug":"filosofia-de-trabajo","status":"publish","type":"page","link":"https:\/\/ddeco.es\/web\/ddeco-diseno-decoracion-interiorismo-y-construccion-quienes-somos\/filosofia-de-trabajo\/","title":{"rendered":"Filosof\u00eda de trabajo"},"content":{"rendered":"<p>El objetivo final en todas nuestras obras es la <strong>habitabilidad de los espacios<\/strong>, su <strong>racionalizaci\u00f3n y humanizaci\u00f3n<\/strong>. Y nuestra <strong>filosof\u00eda <\/strong> de trabajo se basa en ofrecer dos alternativas:<\/p>\n<ol>\n<li><strong>Asesoramiento en decoraci\u00f3n e interiorismo + ejecuci\u00f3n de obra. Proyectos llave en mano coordinando todas las fases y procesos.<\/strong><br \/>\nEste es el modo de trabajar que preferimos, y del que m\u00e1s satisfechos se muestran nuestros clientes, por varios motivos:<\/p>\n<p>Por un lado, usted contar\u00e1 con alguien que le va a asesorar con rigor e imaginaci\u00f3n en todo momento acerca de soluciones, propuestas, ideas, colores, materiales, espacios, ambientes, etc.<\/p>\n<p>Adem\u00e1s, desde el principio, tendr\u00e1 la tranquilidad de que nos ocuparemos hasta del \u00faltimo detalle de las obras y reformas, despreocup\u00e1ndose usted de todo. Y, por \u00faltimo, le garantizaramos unos resultados \u00f3ptimos y unos plazos de ejecuci\u00f3n \u00e1giles, que es lo que usted busca cuando acomete una obra. Y si todo ello le cuesta igual que en la calle, la soluci\u00f3n la tiene en sus manos.<\/li>\n<li><strong>Solamente asesoramiento en decoraci\u00f3n e interiorismo.<\/strong><br \/>\nHay ocasiones en las que nuestros clientes prefieren contratar ellos mismos a los proveedores y a los profesionales de la construcci\u00f3n como alba\u00f1iles, pintores, fontaneros, carpinteros, escayolistas, metalistas, electricistas, etc. En este caso, nosotros les realizamos todo el proyecto de asesoramiento en interiorismo y decoraci\u00f3n, mientras que ellos la ejecutan.<\/li>\n<\/ol>\n<style type=\"text\/css\"><!--\n.logo_h img { border-bottom:5px solid #cb071d !important}\n--><\/style>\n","protected":false},"excerpt":{"rendered":"El objetivo final en todas nuestras obras es la habitabilidad de los espacios, su racionalizaci\u00f3n y humanizaci\u00f3n. Y nuestra filosof\u00eda de trabajo se basa en ofrecer dos alternativas: Asesoramiento en decoraci\u00f3n e interiorismo + ejecuci\u00f3n de obra. Proyectos llave en mano coordinando todas las fases y procesos. Este es el modo de trabajar que preferimos, y del que m\u00e1s satisfechos&nbsp;<a href=\"https:\/\/ddeco.es\/web\/ddeco-diseno-decoracion-interiorismo-y-construccion-quienes-somos\/filosofia-de-trabajo\/\" class=\"read-more\">Seguir leyendo<\/a>","protected":false},"author":2,"featured_media":0,"parent":22,"menu_order":0,"comment_status":"open","ping_status":"open","template":"page-fullwidth.php","meta":{"footnotes":""},"class_list":["post-67","page","type-page","status-publish","hentry"],"yoast_head":"<!-- This site is optimized with the Yoast SEO plugin v16.6.1 - https:\/\/yoast.com\/wordpress\/plugins\/seo\/ -->\n<meta name=\"description\" content=\"Ddec\u00f3, esta es nuestra filosof\u00eda de trabajo\" \/>\n<meta name=\"robots\" content=\"index, follow, max-snippet:-1, max-image-preview:large, max-video-preview:-1\" \/>\n<link rel=\"canonical\" href=\"http:\/\/ddeco.es\/web\/ddeco-diseno-decoracion-interiorismo-y-construccion-quienes-somos\/filosofia-de-trabajo\/\" \/>\n<meta property=\"og:locale\" content=\"es_ES\" \/>\n<meta property=\"og:type\" content=\"article\" \/>\n<meta property=\"og:title\" content=\"Filosof\u00eda de trabajo Ddec\u00f3\" \/>\n<meta property=\"og:description\" content=\"Ddec\u00f3, esta es nuestra filosof\u00eda de trabajo\" \/>\n<meta property=\"og:url\" content=\"http:\/\/ddeco.es\/web\/ddeco-diseno-decoracion-interiorismo-y-construccion-quienes-somos\/filosofia-de-trabajo\/\" \/>\n<meta property=\"og:site_name\" content=\"D&iacute;az Dec&oacute; (Ddec&oacute;) &middot; Dise&ntilde;o, Decoraci&oacute;n, Interiorismo y Construcci&oacute;n\" \/>\n<meta property=\"article:modified_time\" content=\"2014-10-07T16:37:48+00:00\" \/>\n<meta name=\"twitter:card\" content=\"summary_large_image\" \/>\n<meta name=\"twitter:label1\" content=\"Tiempo de lectura\" \/>\n\t<meta name=\"twitter:data1\" content=\"1 minuto\" \/>\n<script type=\"application\/ld+json\" class=\"yoast-schema-graph\">{\"@context\":\"https:\/\/schema.org\",\"@graph\":[{\"@type\":\"WebSite\",\"@id\":\"http:\/\/ddeco.es\/web\/#website\",\"url\":\"http:\/\/ddeco.es\/web\/\",\"name\":\"D&iacute;az Dec&oacute; (Ddec&oacute;) &middot; Dise&ntilde;o, Decoraci&oacute;n, Interiorismo y Construcci&oacute;n\",\"description\":\"Dise\\u00f1o, decoraci\\u00f3n y construcci\\u00f3n\",\"potentialAction\":[{\"@type\":\"SearchAction\",\"target\":{\"@type\":\"EntryPoint\",\"urlTemplate\":\"http:\/\/ddeco.es\/web\/?s={search_term_string}\"},\"query-input\":\"required name=search_term_string\"}],\"inLanguage\":\"es\"},{\"@type\":\"WebPage\",\"@id\":\"http:\/\/ddeco.es\/web\/ddeco-diseno-decoracion-interiorismo-y-construccion-quienes-somos\/filosofia-de-trabajo\/#webpage\",\"url\":\"http:\/\/ddeco.es\/web\/ddeco-diseno-decoracion-interiorismo-y-construccion-quienes-somos\/filosofia-de-trabajo\/\",\"name\":\"Filosof\\u00eda de trabajo Ddec\\u00f3\",\"isPartOf\":{\"@id\":\"http:\/\/ddeco.es\/web\/#website\"},\"datePublished\":\"2014-05-29T15:30:33+00:00\",\"dateModified\":\"2014-10-07T16:37:48+00:00\",\"description\":\"Ddec\\u00f3, esta es nuestra filosof\\u00eda de trabajo\",\"breadcrumb\":{\"@id\":\"http:\/\/ddeco.es\/web\/ddeco-diseno-decoracion-interiorismo-y-construccion-quienes-somos\/filosofia-de-trabajo\/#breadcrumb\"},\"inLanguage\":\"es\",\"potentialAction\":[{\"@type\":\"ReadAction\",\"target\":[\"http:\/\/ddeco.es\/web\/ddeco-diseno-decoracion-interiorismo-y-construccion-quienes-somos\/filosofia-de-trabajo\/\"]}]},{\"@type\":\"BreadcrumbList\",\"@id\":\"http:\/\/ddeco.es\/web\/ddeco-diseno-decoracion-interiorismo-y-construccion-quienes-somos\/filosofia-de-trabajo\/#breadcrumb\",\"itemListElement\":[{\"@type\":\"ListItem\",\"position\":1,\"name\":\"Portada\",\"item\":\"http:\/\/ddeco.es\/web\/\"},{\"@type\":\"ListItem\",\"position\":2,\"name\":\"qui\\u00e9nes somos\",\"item\":\"https:\/\/ddeco.es\/web\/ddeco-diseno-decoracion-interiorismo-y-construccion-quienes-somos\/\"},{\"@type\":\"ListItem\",\"position\":3,\"name\":\"Filosof\\u00eda de trabajo\"}]}]}<\/script>\n<!-- \/ Yoast SEO plugin. -->","_links":{"self":[{"href":"https:\/\/ddeco.es\/web\/wp-json\/wp\/v2\/pages\/67","targetHints":{"allow":["GET"]}}],"collection":[{"href":"https:\/\/ddeco.es\/web\/wp-json\/wp\/v2\/pages"}],"about":[{"href":"https:\/\/ddeco.es\/web\/wp-json\/wp\/v2\/types\/page"}],"author":[{"embeddable":true,"href":"https:\/\/ddeco.es\/web\/wp-json\/wp\/v2\/users\/2"}],"replies":[{"embeddable":true,"href":"https:\/\/ddeco.es\/web\/wp-json\/wp\/v2\/comments?post=67"}],"version-history":[{"count":13,"href":"https:\/\/ddeco.es\/web\/wp-json\/wp\/v2\/pages\/67\/revisions"}],"predecessor-version":[{"id":954,"href":"https:\/\/ddeco.es\/web\/wp-json\/wp\/v2\/pages\/67\/revisions\/954"}],"up":[{"embeddable":true,"href":"https:\/\/ddeco.es\/web\/wp-json\/wp\/v2\/pages\/22"}],"wp:attachment":[{"href":"https:\/\/ddeco.es\/web\/wp-json\/wp\/v2\/media?parent=67"}],"curies":[{"name":"wp","href":"https:\/\/api.w.org\/{rel}","templated":true}]}}