{"id":63,"date":"2014-05-29T15:23:02","date_gmt":"2014-05-29T15:23:02","guid":{"rendered":"http:\/\/ddeco.es\/?page_id=63"},"modified":"2025-10-27T15:41:10","modified_gmt":"2025-10-27T15:41:10","slug":"ddeco-que-hacemos","status":"publish","type":"page","link":"https:\/\/ddeco.es\/web\/ddeco-diseno-decoracion-interiorismo-y-construccion-quienes-somos\/ddeco-que-hacemos\/","title":{"rendered":"Qu\u00e9 hacemos"},"content":{"rendered":"<h3 class=\"uc\">Somos capaces de acometer:<\/h3>\n<p>Siempre bajo las premisas indicadas anteriormente, nos hemos especializado en los siguientes \u00e1mbitos:<\/p>\n<ul class=\"quienes-somos\">\n<li>Establecimientos de hosteler\u00eda, locales comerciales y oficinas.<\/li>\n<li>Proyectos de decoraci\u00f3n, dise\u00f1o, ideas y soluciones personalizadas.<\/li>\n<li>Dise\u00f1o de mobiliario a medida.<\/li>\n<li>Proyectos e instalaciones hoteleras, tanto de \u00e1mbito urbano y contempor\u00e1neo como rural y tradicional.<\/li>\n<li>Direcci\u00f3n de obras, obra menor, reformas de viviendas, ba\u00f1os, cocinas, pintura, alba\u00f1iler\u00eda, fontaner\u00eda, carpinter\u00eda, electricidad, metalister\u00eda... En estos momentos, queremos estar a\u00fan m\u00e1s cerca de nuestros clientes y ampliar el abanico de nuestros servicios a obra menor, con precios competitivos y con la ventaja de recibir mucho m\u00e1s: asesoramiento, soluciones, ideas, dise\u00f1o, estilo, experiencia y la garant\u00eda de una firma conocida que siempre le responder\u00e1. Nuestro prop\u00f3sito es acomodarnos a sus necesidades para hacer sus hogares bellos y habitables. Buscando las soluciones m\u00e1s econ\u00f3micas, aprovechando y rentabilizando al m\u00e1ximo lo existente y, as\u00ed, sacarle el mayor partido con imaginaci\u00f3n y manos expertas.<\/li>\n<li>Re-styling de negocios, acondicionamiento para otras actividades, sin realizar grandes modificaciones.<\/li>\n<li>Centros de interpretaci\u00f3n, aulas did\u00e1cticas, museos, instalaciones culturales.<\/li>\n<li>Desarrollo de imagen corporativa y aplicaciones integradas en la decoraci\u00f3n global, en colaboraci\u00f3n con estudios de dise\u00f1o.<\/li>\n<li>...<\/li>\n<\/ul>\n<style type=\"text\/css\">\n.logo_h img { border-bottom:5px solid #cb071d !important}<br \/>\n<\/style>\n","protected":false},"excerpt":{"rendered":"Somos capaces de acometer: Siempre bajo las premisas indicadas anteriormente, nos hemos especializado en los siguientes \u00e1mbitos: Establecimientos de hosteler\u00eda, locales comerciales y oficinas. Proyectos de decoraci\u00f3n, dise\u00f1o, ideas y soluciones personalizadas. Dise\u00f1o de mobiliario a medida. Proyectos e instalaciones hoteleras, tanto de \u00e1mbito urbano y contempor\u00e1neo como rural y tradicional. Direcci\u00f3n de obras, obra menor, reformas de viviendas, ba\u00f1os,&nbsp;<a href=\"https:\/\/ddeco.es\/web\/ddeco-diseno-decoracion-interiorismo-y-construccion-quienes-somos\/ddeco-que-hacemos\/\" class=\"read-more\">Seguir leyendo<\/a>","protected":false},"author":2,"featured_media":0,"parent":22,"menu_order":0,"comment_status":"open","ping_status":"open","template":"page-fullwidth.php","meta":{"footnotes":""},"class_list":["post-63","page","type-page","status-publish","hentry"],"yoast_head":"<!-- This site is optimized with the Yoast SEO plugin v16.6.1 - https:\/\/yoast.com\/wordpress\/plugins\/seo\/ -->\n<meta name=\"description\" content=\"Ddec\u00f3; \u00bfqu\u00e9 hacemos? Dise\u00f1o, decoraci\u00f3n, interiorismo y construcci\u00f3n en viviendas, hosteler\u00eda, locales, oficinas, hoteles, todo tipo de instalaciones, etc.\" \/>\n<meta name=\"robots\" content=\"index, follow, max-snippet:-1, max-image-preview:large, max-video-preview:-1\" \/>\n<link rel=\"canonical\" href=\"https:\/\/ddeco.es\/web\/ddeco-diseno-decoracion-interiorismo-y-construccion-quienes-somos\/ddeco-que-hacemos\/\" \/>\n<meta property=\"og:locale\" content=\"es_ES\" \/>\n<meta property=\"og:type\" content=\"article\" \/>\n<meta property=\"og:title\" content=\"Ddec\u00f3 qu\u00e9 hacemos \u00b7 dise\u00f1o, decoraci\u00f3n y construcci\u00f3n\" \/>\n<meta property=\"og:description\" content=\"Ddec\u00f3; \u00bfqu\u00e9 hacemos? Dise\u00f1o, decoraci\u00f3n, interiorismo y construcci\u00f3n en viviendas, hosteler\u00eda, locales, oficinas, hoteles, todo tipo de instalaciones, etc.\" \/>\n<meta property=\"og:url\" content=\"https:\/\/ddeco.es\/web\/ddeco-diseno-decoracion-interiorismo-y-construccion-quienes-somos\/ddeco-que-hacemos\/\" \/>\n<meta property=\"og:site_name\" content=\"D&iacute;az Dec&oacute; (Ddec&oacute;) &middot; Dise&ntilde;o, Decoraci&oacute;n, Interiorismo y Construcci&oacute;n\" \/>\n<meta property=\"article:modified_time\" content=\"2025-10-27T15:41:10+00:00\" \/>\n<meta name=\"twitter:card\" content=\"summary_large_image\" \/>\n<meta name=\"twitter:label1\" content=\"Tiempo de lectura\" \/>\n\t<meta name=\"twitter:data1\" content=\"1 minuto\" \/>\n<script type=\"application\/ld+json\" class=\"yoast-schema-graph\">{\"@context\":\"https:\/\/schema.org\",\"@graph\":[{\"@type\":\"WebSite\",\"@id\":\"http:\/\/ddeco.es\/web\/#website\",\"url\":\"http:\/\/ddeco.es\/web\/\",\"name\":\"D&iacute;az Dec&oacute; (Ddec&oacute;) &middot; Dise&ntilde;o, Decoraci&oacute;n, Interiorismo y Construcci&oacute;n\",\"description\":\"Dise\\u00f1o, decoraci\\u00f3n y construcci\\u00f3n\",\"potentialAction\":[{\"@type\":\"SearchAction\",\"target\":{\"@type\":\"EntryPoint\",\"urlTemplate\":\"http:\/\/ddeco.es\/web\/?s={search_term_string}\"},\"query-input\":\"required name=search_term_string\"}],\"inLanguage\":\"es\"},{\"@type\":\"WebPage\",\"@id\":\"https:\/\/ddeco.es\/web\/ddeco-diseno-decoracion-interiorismo-y-construccion-quienes-somos\/ddeco-que-hacemos\/#webpage\",\"url\":\"https:\/\/ddeco.es\/web\/ddeco-diseno-decoracion-interiorismo-y-construccion-quienes-somos\/ddeco-que-hacemos\/\",\"name\":\"Ddec\\u00f3 qu\\u00e9 hacemos \\u00b7 dise\\u00f1o, decoraci\\u00f3n y construcci\\u00f3n\",\"isPartOf\":{\"@id\":\"http:\/\/ddeco.es\/web\/#website\"},\"datePublished\":\"2014-05-29T15:23:02+00:00\",\"dateModified\":\"2025-10-27T15:41:10+00:00\",\"description\":\"Ddec\\u00f3; \\u00bfqu\\u00e9 hacemos? Dise\\u00f1o, decoraci\\u00f3n, interiorismo y construcci\\u00f3n en viviendas, hosteler\\u00eda, locales, oficinas, hoteles, todo tipo de instalaciones, etc.\",\"breadcrumb\":{\"@id\":\"https:\/\/ddeco.es\/web\/ddeco-diseno-decoracion-interiorismo-y-construccion-quienes-somos\/ddeco-que-hacemos\/#breadcrumb\"},\"inLanguage\":\"es\",\"potentialAction\":[{\"@type\":\"ReadAction\",\"target\":[\"https:\/\/ddeco.es\/web\/ddeco-diseno-decoracion-interiorismo-y-construccion-quienes-somos\/ddeco-que-hacemos\/\"]}]},{\"@type\":\"BreadcrumbList\",\"@id\":\"https:\/\/ddeco.es\/web\/ddeco-diseno-decoracion-interiorismo-y-construccion-quienes-somos\/ddeco-que-hacemos\/#breadcrumb\",\"itemListElement\":[{\"@type\":\"ListItem\",\"position\":1,\"name\":\"Portada\",\"item\":\"http:\/\/ddeco.es\/web\/\"},{\"@type\":\"ListItem\",\"position\":2,\"name\":\"qui\\u00e9nes somos\",\"item\":\"https:\/\/ddeco.es\/web\/ddeco-diseno-decoracion-interiorismo-y-construccion-quienes-somos\/\"},{\"@type\":\"ListItem\",\"position\":3,\"name\":\"Qu\\u00e9 hacemos\"}]}]}<\/script>\n<!-- \/ Yoast SEO plugin. -->","_links":{"self":[{"href":"https:\/\/ddeco.es\/web\/wp-json\/wp\/v2\/pages\/63","targetHints":{"allow":["GET"]}}],"collection":[{"href":"https:\/\/ddeco.es\/web\/wp-json\/wp\/v2\/pages"}],"about":[{"href":"https:\/\/ddeco.es\/web\/wp-json\/wp\/v2\/types\/page"}],"author":[{"embeddable":true,"href":"https:\/\/ddeco.es\/web\/wp-json\/wp\/v2\/users\/2"}],"replies":[{"embeddable":true,"href":"https:\/\/ddeco.es\/web\/wp-json\/wp\/v2\/comments?post=63"}],"version-history":[{"count":9,"href":"https:\/\/ddeco.es\/web\/wp-json\/wp\/v2\/pages\/63\/revisions"}],"predecessor-version":[{"id":1170,"href":"https:\/\/ddeco.es\/web\/wp-json\/wp\/v2\/pages\/63\/revisions\/1170"}],"up":[{"embeddable":true,"href":"https:\/\/ddeco.es\/web\/wp-json\/wp\/v2\/pages\/22"}],"wp:attachment":[{"href":"https:\/\/ddeco.es\/web\/wp-json\/wp\/v2\/media?parent=63"}],"curies":[{"name":"wp","href":"https:\/\/api.w.org\/{rel}","templated":true}]}}