{"id":56,"date":"2014-05-29T15:09:58","date_gmt":"2014-05-29T15:09:58","guid":{"rendered":"http:\/\/ddeco.es\/?page_id=56"},"modified":"2018-05-27T09:44:48","modified_gmt":"2018-05-27T09:44:48","slug":"restaurantes-y-hoteles","status":"publish","type":"page","link":"https:\/\/ddeco.es\/web\/trabajos-realizados-ddeco-diseno-decoracion-interiorismo-construccion\/restaurantes-y-hoteles\/","title":{"rendered":"Restaurantes, hoteles, instalaciones culturales"},"content":{"rendered":"<p>Restaurantes, cafeter\u00edas, bares, vinotecas, proyectos e instalaciones hoteleras, tanto de \u00e1mbito urbano y contempor\u00e1neo como rural y tradicional. Muchas de nuestras obras en estos sectores son aut\u00e9nticos iconos y referencias en Asturias. Adem\u00e1s, nuestro equipo multidisciplinar nos permite acometer la ejecuci\u00f3n de centros de interpretaci\u00f3n, aulas did\u00e1cticas, museos y todo tipo de instalaciones culturales.<\/p>\n<style type=\"text\/css\"><!--\n.logo_h img { border-bottom:5px solid #40a21b !important}\n--><\/style>\n","protected":false},"excerpt":{"rendered":"Restaurantes, cafeter\u00edas, bares, vinotecas, proyectos e instalaciones hoteleras, tanto de \u00e1mbito urbano y contempor\u00e1neo como rural y tradicional. Muchas de nuestras obras en estos sectores son aut\u00e9nticos iconos y referencias en Asturias. Adem\u00e1s, nuestro equipo multidisciplinar nos permite acometer la ejecuci\u00f3n de centros de interpretaci\u00f3n, aulas did\u00e1cticas, museos y todo tipo de instalaciones culturales.","protected":false},"author":2,"featured_media":0,"parent":24,"menu_order":2,"comment_status":"open","ping_status":"open","template":"page-Portfolio3Cols-filterable.php","meta":{"footnotes":""},"class_list":["post-56","page","type-page","status-publish","hentry"],"yoast_head":"<!-- This site is optimized with the Yoast SEO plugin v16.6.1 - https:\/\/yoast.com\/wordpress\/plugins\/seo\/ -->\n<meta name=\"description\" content=\"Ddec\u00f3. Dise\u00f1o, decoraci\u00f3n, interiorismo y construcci\u00f3n. Estos son algunos trabajos destacados que hemos realizado en restaurantes y hoteles.\" \/>\n<meta name=\"robots\" content=\"index, follow, max-snippet:-1, max-image-preview:large, max-video-preview:-1\" \/>\n<link rel=\"canonical\" href=\"https:\/\/ddeco.es\/web\/trabajos-realizados-ddeco-diseno-decoracion-interiorismo-construccion\/restaurantes-y-hoteles\/\" \/>\n<meta property=\"og:locale\" content=\"es_ES\" \/>\n<meta property=\"og:type\" content=\"article\" \/>\n<meta property=\"og:title\" content=\"Dise\u00f1o, decoraci\u00f3n, interiorismo en restaurantes y hoteles\" \/>\n<meta property=\"og:description\" content=\"Ddec\u00f3. Dise\u00f1o, decoraci\u00f3n, interiorismo y construcci\u00f3n. Estos son algunos trabajos destacados que hemos realizado en restaurantes y hoteles.\" \/>\n<meta property=\"og:url\" content=\"https:\/\/ddeco.es\/web\/trabajos-realizados-ddeco-diseno-decoracion-interiorismo-construccion\/restaurantes-y-hoteles\/\" \/>\n<meta property=\"og:site_name\" content=\"D&iacute;az Dec&oacute; (Ddec&oacute;) &middot; Dise&ntilde;o, Decoraci&oacute;n, Interiorismo y Construcci&oacute;n\" \/>\n<meta property=\"article:modified_time\" content=\"2018-05-27T09:44:48+00:00\" \/>\n<meta name=\"twitter:card\" content=\"summary_large_image\" \/>\n<script type=\"application\/ld+json\" class=\"yoast-schema-graph\">{\"@context\":\"https:\/\/schema.org\",\"@graph\":[{\"@type\":\"WebSite\",\"@id\":\"http:\/\/ddeco.es\/web\/#website\",\"url\":\"http:\/\/ddeco.es\/web\/\",\"name\":\"D&iacute;az Dec&oacute; (Ddec&oacute;) &middot; Dise&ntilde;o, Decoraci&oacute;n, Interiorismo y Construcci&oacute;n\",\"description\":\"Dise\\u00f1o, decoraci\\u00f3n y construcci\\u00f3n\",\"potentialAction\":[{\"@type\":\"SearchAction\",\"target\":{\"@type\":\"EntryPoint\",\"urlTemplate\":\"http:\/\/ddeco.es\/web\/?s={search_term_string}\"},\"query-input\":\"required name=search_term_string\"}],\"inLanguage\":\"es\"},{\"@type\":\"WebPage\",\"@id\":\"https:\/\/ddeco.es\/web\/trabajos-realizados-ddeco-diseno-decoracion-interiorismo-construccion\/restaurantes-y-hoteles\/#webpage\",\"url\":\"https:\/\/ddeco.es\/web\/trabajos-realizados-ddeco-diseno-decoracion-interiorismo-construccion\/restaurantes-y-hoteles\/\",\"name\":\"Dise\\u00f1o, decoraci\\u00f3n, interiorismo en restaurantes y hoteles\",\"isPartOf\":{\"@id\":\"http:\/\/ddeco.es\/web\/#website\"},\"datePublished\":\"2014-05-29T15:09:58+00:00\",\"dateModified\":\"2018-05-27T09:44:48+00:00\",\"description\":\"Ddec\\u00f3. Dise\\u00f1o, decoraci\\u00f3n, interiorismo y construcci\\u00f3n. Estos son algunos trabajos destacados que hemos realizado en restaurantes y hoteles.\",\"breadcrumb\":{\"@id\":\"https:\/\/ddeco.es\/web\/trabajos-realizados-ddeco-diseno-decoracion-interiorismo-construccion\/restaurantes-y-hoteles\/#breadcrumb\"},\"inLanguage\":\"es\",\"potentialAction\":[{\"@type\":\"ReadAction\",\"target\":[\"https:\/\/ddeco.es\/web\/trabajos-realizados-ddeco-diseno-decoracion-interiorismo-construccion\/restaurantes-y-hoteles\/\"]}]},{\"@type\":\"BreadcrumbList\",\"@id\":\"https:\/\/ddeco.es\/web\/trabajos-realizados-ddeco-diseno-decoracion-interiorismo-construccion\/restaurantes-y-hoteles\/#breadcrumb\",\"itemListElement\":[{\"@type\":\"ListItem\",\"position\":1,\"name\":\"Portada\",\"item\":\"http:\/\/ddeco.es\/web\/\"},{\"@type\":\"ListItem\",\"position\":2,\"name\":\"trabajos realizados\",\"item\":\"https:\/\/ddeco.es\/web\/trabajos-realizados-ddeco-diseno-decoracion-interiorismo-construccion\/\"},{\"@type\":\"ListItem\",\"position\":3,\"name\":\"Restaurantes, hoteles, instalaciones culturales\"}]}]}<\/script>\n<!-- \/ Yoast SEO plugin. -->","_links":{"self":[{"href":"https:\/\/ddeco.es\/web\/wp-json\/wp\/v2\/pages\/56","targetHints":{"allow":["GET"]}}],"collection":[{"href":"https:\/\/ddeco.es\/web\/wp-json\/wp\/v2\/pages"}],"about":[{"href":"https:\/\/ddeco.es\/web\/wp-json\/wp\/v2\/types\/page"}],"author":[{"embeddable":true,"href":"https:\/\/ddeco.es\/web\/wp-json\/wp\/v2\/users\/2"}],"replies":[{"embeddable":true,"href":"https:\/\/ddeco.es\/web\/wp-json\/wp\/v2\/comments?post=56"}],"version-history":[{"count":5,"href":"https:\/\/ddeco.es\/web\/wp-json\/wp\/v2\/pages\/56\/revisions"}],"predecessor-version":[{"id":984,"href":"https:\/\/ddeco.es\/web\/wp-json\/wp\/v2\/pages\/56\/revisions\/984"}],"up":[{"embeddable":true,"href":"https:\/\/ddeco.es\/web\/wp-json\/wp\/v2\/pages\/24"}],"wp:attachment":[{"href":"https:\/\/ddeco.es\/web\/wp-json\/wp\/v2\/media?parent=56"}],"curies":[{"name":"wp","href":"https:\/\/api.w.org\/{rel}","templated":true}]}}