{"id":49,"date":"2014-05-29T14:46:55","date_gmt":"2014-05-29T14:46:55","guid":{"rendered":"http:\/\/ddeco.es\/?page_id=49"},"modified":"2014-07-02T14:54:58","modified_gmt":"2014-07-02T14:54:58","slug":"la-casa-ideal","status":"publish","type":"page","link":"https:\/\/ddeco.es\/web\/la-casa-ideal\/","title":{"rendered":"La casa ideal"},"content":{"rendered":"<p><img loading=\"lazy\" decoding=\"async\" src=\"http:\/\/ddeco.es\/wp-content\/uploads\/2014\/05\/casa-ideal-ddco-vista-1.jpg\" alt=\"La Casa Ideal, Ddec\u00f3, vista 1\" width=\"1170\" height=\"535\" class=\"alignnone size-full wp-image-116\" srcset=\"https:\/\/ddeco.es\/web\/wp-content\/uploads\/2014\/05\/casa-ideal-ddco-vista-1.jpg 1170w, https:\/\/ddeco.es\/web\/wp-content\/uploads\/2014\/05\/casa-ideal-ddco-vista-1-300x137.jpg 300w, https:\/\/ddeco.es\/web\/wp-content\/uploads\/2014\/05\/casa-ideal-ddco-vista-1-1024x468.jpg 1024w\" sizes=\"auto, (max-width: 1170px) 100vw, 1170px\" \/><\/p>\n<p><img loading=\"lazy\" decoding=\"async\" src=\"http:\/\/ddeco.es\/wp-content\/uploads\/2014\/05\/casa-ideal-ddco-vista-2.jpg\" alt=\"La Casa Ideal, Ddec\u00f3, vista 2\" width=\"1170\" height=\"535\" class=\"alignnone size-full wp-image-117\" srcset=\"https:\/\/ddeco.es\/web\/wp-content\/uploads\/2014\/05\/casa-ideal-ddco-vista-2.jpg 1170w, https:\/\/ddeco.es\/web\/wp-content\/uploads\/2014\/05\/casa-ideal-ddco-vista-2-300x137.jpg 300w, https:\/\/ddeco.es\/web\/wp-content\/uploads\/2014\/05\/casa-ideal-ddco-vista-2-1024x468.jpg 1024w\" sizes=\"auto, (max-width: 1170px) 100vw, 1170px\" \/><\/p>\n<p>Una de las principales preocupaciones de nuestra empresa es estudiar todas las innovaciones tecnol\u00f3gicas en materia de construcci\u00f3n contempor\u00e1nea, con el fin de ofrecer soluciones ideales para llevar a cabo ese sue\u00f1o que siempre tuvo: viviendas racionales, l\u00f3gicas,  asequibles, de dise\u00f1o moderno, econ\u00f3micas y ecoeficientes.  <\/p>\n<p>De esta manera, surge nuestro producto estrella: <strong>la casa ideal <\/strong><\/p>\n<p>Con ella, DDEC\u00d3 hace posible realizar uno de sus sue\u00f1os: la casa que siempre dese\u00f3 y a la que ahora ya puede acceder. Con esta nueva propuesta, y a modo orientativo, una incre\u00edble casa de m\u00e1s de120 m2, para todo tipo de familia, tendr\u00eda un precio aproximado de 125.000 euros, m\u00e1s proyecto y licencias.<br \/>\nEn la <strong>casa ideal<\/strong> nos adaptamos en todo momento a sus necesidades, personalizando cada proyecto. Hablamos de soluciones estandarizadas, pero flexibles y adaptables a usted.  <\/p>\n<p>\nEsta <strong>casa ideal<\/strong> es fruto de muchas horas de estudio para conseguir el mejor dise\u00f1o, la mejor distribuci\u00f3n y el aprovechamiento m\u00e1ximo de espacio. Y, tambi\u00e9n, para responder a par\u00e1metros bioclim\u00e1ticos, siempre buscando la orientaci\u00f3n sur para abrir grandes ventanales que den luz y calidez a sus estancias. Y utilizando modernas tecnolog\u00edas en materiales como la madera, material ecoeficiente y natural que combina inspiraci\u00f3n, belleza, comportamiento t\u00e9rmico y ventajas para el medio ambiente. Adem\u00e1s, toda la casa es de planta baja, con f\u00e1ciles accesos al porche y a la finca.<\/p>\n<p>\nLos interiores son de las m\u00e1ximas calidades, con los tabiques y paramentos de una casa moderna, con techos bajos en habitaciones y ba\u00f1os, para darles un aire acogedor y conseguir la m\u00e1xima eficiencia energ\u00e9tica. La estructura de madera de la cubierta en las zonas de estar quedar\u00e1 a la vista, para recrear un espacio di\u00e1fano de dise\u00f1o contempor\u00e1neo. Los exteriores son de madera tratada y pintada, con un aire de casa americana, elegante y atractiva, y con un amplio porche orientado siempre al sur. En definitiva, arquitectura de autor, econ\u00f3mica, sostenible y de dise\u00f1o.<\/p>\n<p>Si usted dispone de una parcela de un m\u00ednimo de 600 m2, ya puede materializar su sue\u00f1o y hacer realidad esa casa ideal con la que siempre so\u00f1\u00f3. Y si no dispone de parcela, nosotros le ayudamos a conseguirla en la zona que desee, aprovechando el excelente precio que ofrece el mercado actual. Se lo damos todo hecho; proyectos llave en mano.<\/p>\n<p>\nNo lo dude. Es el momento. <a href=\"http:\/\/ddeco.es\/contacto\" title=\"Contacta con Ddeco para tu casa ideal\" target=\"_blank\">Ll\u00e1menos sin compromiso<\/a>.<\/p>\n<h3 class=\"uc\"><span style=\"font-weight:normal\">Las ventajas de <\/span>LA CASA IDEAL <span style=\"font-weight:normal\">son:<\/span><\/h3>\n<ul>\n<li>Incre\u00edblemente econ\u00f3mica.<\/li>\n<li>R\u00e1pida ejecuci\u00f3n.<\/li>\n<li><strong>Ecoeficiencia<\/strong><\/li>\n<li>Funcionalidad<\/li>\n<li>Altas calidades<\/li>\n<li>M\u00e1ximo aprovechamiento de luz y energ\u00eda natural<\/li>\n<li>Todo planta baja, aislada del suelo<\/li>\n<li>Exquisito dise\u00f1o e interiorismo<\/li>\n<li>M\u00e1ximo aprovechamiento de espacio.<\/li>\n<li>Amplio porche orientado al sur y oeste para su habitabilidad.<\/li>\n<\/ul>\n<style type=\"text\/css\">\n.logo_h img { border-bottom:5px solid #00a8f3 !important}\n<\/style>\n","protected":false},"excerpt":{"rendered":"Una de las principales preocupaciones de nuestra empresa es estudiar todas las innovaciones tecnol\u00f3gicas en materia de construcci\u00f3n contempor\u00e1nea, con el fin de ofrecer soluciones ideales para llevar a cabo ese sue\u00f1o que siempre tuvo: viviendas racionales, l\u00f3gicas, asequibles, de dise\u00f1o moderno, econ\u00f3micas y ecoeficientes. De esta manera, surge nuestro producto estrella: la casa ideal Con ella, DDEC\u00d3 hace posible&nbsp;<a href=\"https:\/\/ddeco.es\/web\/la-casa-ideal\/\" class=\"read-more\">Seguir leyendo<\/a>","protected":false},"author":2,"featured_media":0,"parent":0,"menu_order":3,"comment_status":"open","ping_status":"open","template":"page-fullwidth.php","meta":{"footnotes":""},"class_list":["post-49","page","type-page","status-publish","hentry"],"yoast_head":"<!-- This site is optimized with the Yoast SEO plugin v16.6.1 - https:\/\/yoast.com\/wordpress\/plugins\/seo\/ -->\n<meta name=\"description\" content=\"Ddec\u00f3 le ofrece la casa ideal con soluciones ideales para llevar a cabo ese sue\u00f1o que siempre tuvo: viviendas asequibles, econ\u00f3micas y ecoeficientes\" \/>\n<meta name=\"robots\" content=\"index, follow, max-snippet:-1, max-image-preview:large, max-video-preview:-1\" \/>\n<link rel=\"canonical\" href=\"https:\/\/ddeco.es\/web\/la-casa-ideal\/\" \/>\n<meta property=\"og:locale\" content=\"es_ES\" \/>\n<meta property=\"og:type\" content=\"article\" \/>\n<meta property=\"og:title\" content=\"La casa ideal \u00b7 Ddec\u00f3\" \/>\n<meta property=\"og:description\" content=\"Ddec\u00f3 le ofrece la casa ideal con soluciones ideales para llevar a cabo ese sue\u00f1o que siempre tuvo: viviendas asequibles, econ\u00f3micas y ecoeficientes\" \/>\n<meta property=\"og:url\" content=\"https:\/\/ddeco.es\/web\/la-casa-ideal\/\" \/>\n<meta property=\"og:site_name\" content=\"D&iacute;az Dec&oacute; (Ddec&oacute;) &middot; Dise&ntilde;o, Decoraci&oacute;n, Interiorismo y Construcci&oacute;n\" \/>\n<meta property=\"article:modified_time\" content=\"2014-07-02T14:54:58+00:00\" \/>\n<meta property=\"og:image\" content=\"http:\/\/ddeco.es\/wp-content\/uploads\/2014\/05\/casa-ideal-ddco-vista-1.jpg\" \/>\n<meta name=\"twitter:card\" content=\"summary_large_image\" \/>\n<meta name=\"twitter:label1\" content=\"Tiempo de lectura\" \/>\n\t<meta name=\"twitter:data1\" content=\"2 minutos\" \/>\n<script type=\"application\/ld+json\" class=\"yoast-schema-graph\">{\"@context\":\"https:\/\/schema.org\",\"@graph\":[{\"@type\":\"WebSite\",\"@id\":\"http:\/\/ddeco.es\/web\/#website\",\"url\":\"http:\/\/ddeco.es\/web\/\",\"name\":\"D&iacute;az Dec&oacute; (Ddec&oacute;) &middot; Dise&ntilde;o, Decoraci&oacute;n, Interiorismo y Construcci&oacute;n\",\"description\":\"Dise\\u00f1o, decoraci\\u00f3n y construcci\\u00f3n\",\"potentialAction\":[{\"@type\":\"SearchAction\",\"target\":{\"@type\":\"EntryPoint\",\"urlTemplate\":\"http:\/\/ddeco.es\/web\/?s={search_term_string}\"},\"query-input\":\"required name=search_term_string\"}],\"inLanguage\":\"es\"},{\"@type\":\"ImageObject\",\"@id\":\"https:\/\/ddeco.es\/web\/la-casa-ideal\/#primaryimage\",\"inLanguage\":\"es\",\"url\":\"http:\/\/ddeco.es\/wp-content\/uploads\/2014\/05\/casa-ideal-ddco-vista-1.jpg\",\"contentUrl\":\"http:\/\/ddeco.es\/wp-content\/uploads\/2014\/05\/casa-ideal-ddco-vista-1.jpg\"},{\"@type\":\"WebPage\",\"@id\":\"https:\/\/ddeco.es\/web\/la-casa-ideal\/#webpage\",\"url\":\"https:\/\/ddeco.es\/web\/la-casa-ideal\/\",\"name\":\"La casa ideal \\u00b7 Ddec\\u00f3\",\"isPartOf\":{\"@id\":\"http:\/\/ddeco.es\/web\/#website\"},\"primaryImageOfPage\":{\"@id\":\"https:\/\/ddeco.es\/web\/la-casa-ideal\/#primaryimage\"},\"datePublished\":\"2014-05-29T14:46:55+00:00\",\"dateModified\":\"2014-07-02T14:54:58+00:00\",\"description\":\"Ddec\\u00f3 le ofrece la casa ideal con soluciones ideales para llevar a cabo ese sue\\u00f1o que siempre tuvo: viviendas asequibles, econ\\u00f3micas y ecoeficientes\",\"breadcrumb\":{\"@id\":\"https:\/\/ddeco.es\/web\/la-casa-ideal\/#breadcrumb\"},\"inLanguage\":\"es\",\"potentialAction\":[{\"@type\":\"ReadAction\",\"target\":[\"https:\/\/ddeco.es\/web\/la-casa-ideal\/\"]}]},{\"@type\":\"BreadcrumbList\",\"@id\":\"https:\/\/ddeco.es\/web\/la-casa-ideal\/#breadcrumb\",\"itemListElement\":[{\"@type\":\"ListItem\",\"position\":1,\"name\":\"Portada\",\"item\":\"http:\/\/ddeco.es\/web\/\"},{\"@type\":\"ListItem\",\"position\":2,\"name\":\"La casa ideal\"}]}]}<\/script>\n<!-- \/ Yoast SEO plugin. -->","_links":{"self":[{"href":"https:\/\/ddeco.es\/web\/wp-json\/wp\/v2\/pages\/49","targetHints":{"allow":["GET"]}}],"collection":[{"href":"https:\/\/ddeco.es\/web\/wp-json\/wp\/v2\/pages"}],"about":[{"href":"https:\/\/ddeco.es\/web\/wp-json\/wp\/v2\/types\/page"}],"author":[{"embeddable":true,"href":"https:\/\/ddeco.es\/web\/wp-json\/wp\/v2\/users\/2"}],"replies":[{"embeddable":true,"href":"https:\/\/ddeco.es\/web\/wp-json\/wp\/v2\/comments?post=49"}],"version-history":[{"count":8,"href":"https:\/\/ddeco.es\/web\/wp-json\/wp\/v2\/pages\/49\/revisions"}],"predecessor-version":[{"id":860,"href":"https:\/\/ddeco.es\/web\/wp-json\/wp\/v2\/pages\/49\/revisions\/860"}],"wp:attachment":[{"href":"https:\/\/ddeco.es\/web\/wp-json\/wp\/v2\/media?parent=49"}],"curies":[{"name":"wp","href":"https:\/\/api.w.org\/{rel}","templated":true}]}}