{"id":22,"date":"2014-04-30T10:29:54","date_gmt":"2014-04-30T10:29:54","guid":{"rendered":"http:\/\/ddeco.es\/?page_id=22"},"modified":"2025-10-27T15:45:05","modified_gmt":"2025-10-27T15:45:05","slug":"ddeco-diseno-decoracion-interiorismo-y-construccion-quienes-somos","status":"publish","type":"page","link":"https:\/\/ddeco.es\/web\/ddeco-diseno-decoracion-interiorismo-y-construccion-quienes-somos\/","title":{"rendered":"qui\u00e9nes somos"},"content":{"rendered":"<style type=\"text\/css\">\n.logo_h img { border-bottom:5px solid #cb071d !important}<br \/>\n<\/style>\n<p>En <strong>DDEC\u00d3<\/strong> creemos que cada proyecto es una oportunidad para crear espacios que inspiren, funcionen y perduren en el tiempo. Dirigida por <strong>Gema M\u00aa Cano Franco,<\/strong> nuestra empresa combina el <strong>dise\u00f1o, la t\u00e9cnica y la experiencia en construcci\u00f3n<\/strong> para ofrecer soluciones integrales tanto en <strong>interiorismo comercial<\/strong> -- hoteles, locales de hosteler\u00eda, oficinas o espacios ratail-- como en <strong>interiorismo residencial<\/strong>, abarcando viviendas, apartamentos y estudios.<\/p>\n<p>A lo largo de los a\u00f1os,<strong>\u00a0<\/strong>hemos\u00a0 formado un <strong>equipo s\u00f3lido y de confianza<\/strong>, compuesto por proveedores y profesionales del sector que comparten nuestra filosof\u00eda: <strong>calidad, compromiso y precios competitivos<\/strong>. Contamos, adem\u00e1s, con un equipo de colaboradores especializados --arquitectos, aparejadores, dise\u00f1adores y asesores legales-- que nos permiten abordar cada proyecto con una visi\u00f3n global y detallada.<\/p>\n<p>Nuestra trayectoria se refleja en <strong>proyectos reconocidos<\/strong> por su calidad t\u00e9cnica y est\u00e9tica, publicados y seleccionados en medios de referencia del sector.<\/p>\n<p>Pero, sobre todo, lo que nos define es la <strong>pasi\u00f3n y dedicaci\u00f3n con la que lo hacemos<\/strong>. En cada obra volcamos nuestra experiencia, creatividad y rigor para hacer realidad las ideas de nuestros clientes.<\/p>\n<p>En <strong>DDEC\u00d3,\u00a0<\/strong>trabajamos con la seguridad de que el buen dise\u00f1o y la buena ejecuci\u00f3n est\u00e1n al alcance de todos.<\/p>\n<p><strong>Gracias por acompa\u00f1arnos en este camino.\u00a0<\/strong><\/p>\n<p>Cada proyecto, grande o peque\u00f1o, es una nueva oportunidad para seguir creando espacios que hablen de las personas que los viven.<\/p>\n<p>Atentamente,<\/p>\n<p><strong>Gema Cano.<\/strong><\/p>\n","protected":false},"excerpt":{"rendered":"En DDEC\u00d3 creemos que cada proyecto es una oportunidad para crear espacios que inspiren, funcionen y perduren en el tiempo. Dirigida por Gema M\u00aa Cano Franco, nuestra empresa combina el dise\u00f1o, la t\u00e9cnica y la experiencia en construcci\u00f3n para ofrecer soluciones integrales tanto en interiorismo comercial -- hoteles, locales de hosteler\u00eda, oficinas o espacios ratail-- como en interiorismo residencial, abarcando&nbsp;<a href=\"https:\/\/ddeco.es\/web\/ddeco-diseno-decoracion-interiorismo-y-construccion-quienes-somos\/\" class=\"read-more\">Seguir leyendo<\/a>","protected":false},"author":2,"featured_media":0,"parent":0,"menu_order":0,"comment_status":"open","ping_status":"open","template":"page-fullwidth.php","meta":{"footnotes":""},"class_list":["post-22","page","type-page","status-publish","hentry"],"yoast_head":"<!-- This site is optimized with the Yoast SEO plugin v16.6.1 - https:\/\/yoast.com\/wordpress\/plugins\/seo\/ -->\n<meta name=\"description\" content=\"Ddec\u00f3 es un estudio situado en La Florida, Oviedo, Asturias decicado al Dise\u00f1o, Decoraci\u00f3n, Interiorismo y Construcci\u00f3n\" \/>\n<meta name=\"robots\" content=\"index, follow, max-snippet:-1, max-image-preview:large, max-video-preview:-1\" \/>\n<link rel=\"canonical\" href=\"https:\/\/ddeco.es\/web\/ddeco-diseno-decoracion-interiorismo-y-construccion-quienes-somos\/\" \/>\n<meta property=\"og:locale\" content=\"es_ES\" \/>\n<meta property=\"og:type\" content=\"article\" \/>\n<meta property=\"og:title\" content=\"qui\u00e9nes somos \u00b7 Ddec\u00f3 Dise\u00f1o, Decoraci\u00f3n, Interiorismo y Construcci\u00f3n\" \/>\n<meta property=\"og:description\" content=\"Ddec\u00f3 es un estudio situado en La Florida, Oviedo, Asturias decicado al Dise\u00f1o, Decoraci\u00f3n, Interiorismo y Construcci\u00f3n\" \/>\n<meta property=\"og:url\" content=\"https:\/\/ddeco.es\/web\/ddeco-diseno-decoracion-interiorismo-y-construccion-quienes-somos\/\" \/>\n<meta property=\"og:site_name\" content=\"D&iacute;az Dec&oacute; (Ddec&oacute;) &middot; Dise&ntilde;o, Decoraci&oacute;n, Interiorismo y Construcci&oacute;n\" \/>\n<meta property=\"article:modified_time\" content=\"2025-10-27T15:45:05+00:00\" \/>\n<meta name=\"twitter:card\" content=\"summary_large_image\" \/>\n<meta name=\"twitter:label1\" content=\"Tiempo de lectura\" \/>\n\t<meta name=\"twitter:data1\" content=\"1 minuto\" \/>\n<script type=\"application\/ld+json\" class=\"yoast-schema-graph\">{\"@context\":\"https:\/\/schema.org\",\"@graph\":[{\"@type\":\"WebSite\",\"@id\":\"http:\/\/ddeco.es\/web\/#website\",\"url\":\"http:\/\/ddeco.es\/web\/\",\"name\":\"D&iacute;az Dec&oacute; (Ddec&oacute;) &middot; Dise&ntilde;o, Decoraci&oacute;n, Interiorismo y Construcci&oacute;n\",\"description\":\"Dise\\u00f1o, decoraci\\u00f3n y construcci\\u00f3n\",\"potentialAction\":[{\"@type\":\"SearchAction\",\"target\":{\"@type\":\"EntryPoint\",\"urlTemplate\":\"http:\/\/ddeco.es\/web\/?s={search_term_string}\"},\"query-input\":\"required name=search_term_string\"}],\"inLanguage\":\"es\"},{\"@type\":\"WebPage\",\"@id\":\"https:\/\/ddeco.es\/web\/ddeco-diseno-decoracion-interiorismo-y-construccion-quienes-somos\/#webpage\",\"url\":\"https:\/\/ddeco.es\/web\/ddeco-diseno-decoracion-interiorismo-y-construccion-quienes-somos\/\",\"name\":\"qui\\u00e9nes somos \\u00b7 Ddec\\u00f3 Dise\\u00f1o, Decoraci\\u00f3n, Interiorismo y Construcci\\u00f3n\",\"isPartOf\":{\"@id\":\"http:\/\/ddeco.es\/web\/#website\"},\"datePublished\":\"2014-04-30T10:29:54+00:00\",\"dateModified\":\"2025-10-27T15:45:05+00:00\",\"description\":\"Ddec\\u00f3 es un estudio situado en La Florida, Oviedo, Asturias decicado al Dise\\u00f1o, Decoraci\\u00f3n, Interiorismo y Construcci\\u00f3n\",\"breadcrumb\":{\"@id\":\"https:\/\/ddeco.es\/web\/ddeco-diseno-decoracion-interiorismo-y-construccion-quienes-somos\/#breadcrumb\"},\"inLanguage\":\"es\",\"potentialAction\":[{\"@type\":\"ReadAction\",\"target\":[\"https:\/\/ddeco.es\/web\/ddeco-diseno-decoracion-interiorismo-y-construccion-quienes-somos\/\"]}]},{\"@type\":\"BreadcrumbList\",\"@id\":\"https:\/\/ddeco.es\/web\/ddeco-diseno-decoracion-interiorismo-y-construccion-quienes-somos\/#breadcrumb\",\"itemListElement\":[{\"@type\":\"ListItem\",\"position\":1,\"name\":\"Portada\",\"item\":\"http:\/\/ddeco.es\/web\/\"},{\"@type\":\"ListItem\",\"position\":2,\"name\":\"qui\\u00e9nes somos\"}]}]}<\/script>\n<!-- \/ Yoast SEO plugin. -->","_links":{"self":[{"href":"https:\/\/ddeco.es\/web\/wp-json\/wp\/v2\/pages\/22","targetHints":{"allow":["GET"]}}],"collection":[{"href":"https:\/\/ddeco.es\/web\/wp-json\/wp\/v2\/pages"}],"about":[{"href":"https:\/\/ddeco.es\/web\/wp-json\/wp\/v2\/types\/page"}],"author":[{"embeddable":true,"href":"https:\/\/ddeco.es\/web\/wp-json\/wp\/v2\/users\/2"}],"replies":[{"embeddable":true,"href":"https:\/\/ddeco.es\/web\/wp-json\/wp\/v2\/comments?post=22"}],"version-history":[{"count":8,"href":"https:\/\/ddeco.es\/web\/wp-json\/wp\/v2\/pages\/22\/revisions"}],"predecessor-version":[{"id":1171,"href":"https:\/\/ddeco.es\/web\/wp-json\/wp\/v2\/pages\/22\/revisions\/1171"}],"wp:attachment":[{"href":"https:\/\/ddeco.es\/web\/wp-json\/wp\/v2\/media?parent=22"}],"curies":[{"name":"wp","href":"https:\/\/api.w.org\/{rel}","templated":true}]}}