{"id":58,"date":"2014-05-29T15:12:47","date_gmt":"2014-05-29T15:12:47","guid":{"rendered":"http:\/\/ddeco.es\/?page_id=58"},"modified":"2014-07-02T14:53:21","modified_gmt":"2014-07-02T14:53:21","slug":"oficinas-y-locales-comerciales","status":"publish","type":"page","link":"http:\/\/ddeco.es\/web\/trabajos-realizados-ddeco-diseno-decoracion-interiorismo-construccion\/oficinas-y-locales-comerciales\/","title":{"rendered":"Oficinas y locales comerciales"},"content":{"rendered":"<p>Tiendas, boutiques, centros de est\u00e9tica, alimentaci\u00f3n, deportes y todo tipo de locales comerciales. Somos, asimismo, expertos en el dise\u00f1o, interiorismo y habitabilidad de todo tipo de oficinas. Adem\u00e1s,  ofrecemos la posibilidad de realizar un re-styling de negocios, acondicion\u00e1ndolos para otras actividades, sin realizar grandes modificaciones.<\/p>\n<style type=\"text\/css\">\n.logo_h img { border-bottom:5px solid #40a21b !important}\n<\/style>\n","protected":false},"excerpt":{"rendered":"Tiendas, boutiques, centros de est\u00e9tica, alimentaci\u00f3n, deportes y todo tipo de locales comerciales. Somos, asimismo, expertos en el dise\u00f1o, interiorismo y habitabilidad de todo tipo de oficinas. Adem\u00e1s, ofrecemos la posibilidad de realizar un re-styling de negocios, acondicion\u00e1ndolos para otras actividades, sin realizar grandes modificaciones.","protected":false},"author":2,"featured_media":0,"parent":24,"menu_order":3,"comment_status":"open","ping_status":"open","template":"page-Portfolio3Cols-filterable.php","meta":{"footnotes":""},"class_list":["post-58","page","type-page","status-publish","hentry"],"yoast_head":"<!-- This site is optimized with the Yoast SEO plugin v16.6.1 - https:\/\/yoast.com\/wordpress\/plugins\/seo\/ -->\n<meta name=\"description\" content=\"Ddec\u00f3. Dise\u00f1o, decoraci\u00f3n, interiorismo y construcci\u00f3n. Estos son algunos trabajos destacados que hemos realizado en oficinas y locales comerciales\" \/>\n<meta name=\"robots\" content=\"index, follow, max-snippet:-1, max-image-preview:large, max-video-preview:-1\" \/>\n<link rel=\"canonical\" href=\"http:\/\/ddeco.es\/web\/trabajos-realizados-ddeco-diseno-decoracion-interiorismo-construccion\/oficinas-y-locales-comerciales\/\" \/>\n<meta property=\"og:locale\" content=\"es_ES\" \/>\n<meta property=\"og:type\" content=\"article\" \/>\n<meta property=\"og:title\" content=\"Dise\u00f1o, decoraci\u00f3n, interiorismo en oficinas locales comerciales\" \/>\n<meta property=\"og:description\" content=\"Ddec\u00f3. Dise\u00f1o, decoraci\u00f3n, interiorismo y construcci\u00f3n. Estos son algunos trabajos destacados que hemos realizado en oficinas y locales comerciales\" \/>\n<meta property=\"og:url\" content=\"http:\/\/ddeco.es\/web\/trabajos-realizados-ddeco-diseno-decoracion-interiorismo-construccion\/oficinas-y-locales-comerciales\/\" \/>\n<meta property=\"og:site_name\" content=\"D&iacute;az Dec&oacute; (Ddec&oacute;) &middot; Dise&ntilde;o, Decoraci&oacute;n, Interiorismo y Construcci&oacute;n\" \/>\n<meta property=\"article:modified_time\" content=\"2014-07-02T14:53:21+00:00\" \/>\n<meta name=\"twitter:card\" content=\"summary_large_image\" \/>\n<script type=\"application\/ld+json\" class=\"yoast-schema-graph\">{\"@context\":\"https:\/\/schema.org\",\"@graph\":[{\"@type\":\"WebSite\",\"@id\":\"http:\/\/ddeco.es\/web\/#website\",\"url\":\"http:\/\/ddeco.es\/web\/\",\"name\":\"D&iacute;az Dec&oacute; (Ddec&oacute;) &middot; Dise&ntilde;o, Decoraci&oacute;n, Interiorismo y Construcci&oacute;n\",\"description\":\"Dise\\u00f1o, decoraci\\u00f3n y construcci\\u00f3n\",\"potentialAction\":[{\"@type\":\"SearchAction\",\"target\":{\"@type\":\"EntryPoint\",\"urlTemplate\":\"http:\/\/ddeco.es\/web\/?s={search_term_string}\"},\"query-input\":\"required name=search_term_string\"}],\"inLanguage\":\"es\"},{\"@type\":\"WebPage\",\"@id\":\"http:\/\/ddeco.es\/web\/trabajos-realizados-ddeco-diseno-decoracion-interiorismo-construccion\/oficinas-y-locales-comerciales\/#webpage\",\"url\":\"http:\/\/ddeco.es\/web\/trabajos-realizados-ddeco-diseno-decoracion-interiorismo-construccion\/oficinas-y-locales-comerciales\/\",\"name\":\"Dise\\u00f1o, decoraci\\u00f3n, interiorismo en oficinas locales comerciales\",\"isPartOf\":{\"@id\":\"http:\/\/ddeco.es\/web\/#website\"},\"datePublished\":\"2014-05-29T15:12:47+00:00\",\"dateModified\":\"2014-07-02T14:53:21+00:00\",\"description\":\"Ddec\\u00f3. Dise\\u00f1o, decoraci\\u00f3n, interiorismo y construcci\\u00f3n. Estos son algunos trabajos destacados que hemos realizado en oficinas y locales comerciales\",\"breadcrumb\":{\"@id\":\"http:\/\/ddeco.es\/web\/trabajos-realizados-ddeco-diseno-decoracion-interiorismo-construccion\/oficinas-y-locales-comerciales\/#breadcrumb\"},\"inLanguage\":\"es\",\"potentialAction\":[{\"@type\":\"ReadAction\",\"target\":[\"http:\/\/ddeco.es\/web\/trabajos-realizados-ddeco-diseno-decoracion-interiorismo-construccion\/oficinas-y-locales-comerciales\/\"]}]},{\"@type\":\"BreadcrumbList\",\"@id\":\"http:\/\/ddeco.es\/web\/trabajos-realizados-ddeco-diseno-decoracion-interiorismo-construccion\/oficinas-y-locales-comerciales\/#breadcrumb\",\"itemListElement\":[{\"@type\":\"ListItem\",\"position\":1,\"name\":\"Portada\",\"item\":\"http:\/\/ddeco.es\/web\/\"},{\"@type\":\"ListItem\",\"position\":2,\"name\":\"trabajos realizados\",\"item\":\"http:\/\/ddeco.es\/web\/trabajos-realizados-ddeco-diseno-decoracion-interiorismo-construccion\/\"},{\"@type\":\"ListItem\",\"position\":3,\"name\":\"Oficinas y locales comerciales\"}]}]}<\/script>\n<!-- \/ Yoast SEO plugin. -->","_links":{"self":[{"href":"http:\/\/ddeco.es\/web\/wp-json\/wp\/v2\/pages\/58","targetHints":{"allow":["GET"]}}],"collection":[{"href":"http:\/\/ddeco.es\/web\/wp-json\/wp\/v2\/pages"}],"about":[{"href":"http:\/\/ddeco.es\/web\/wp-json\/wp\/v2\/types\/page"}],"author":[{"embeddable":true,"href":"http:\/\/ddeco.es\/web\/wp-json\/wp\/v2\/users\/2"}],"replies":[{"embeddable":true,"href":"http:\/\/ddeco.es\/web\/wp-json\/wp\/v2\/comments?post=58"}],"version-history":[{"count":3,"href":"http:\/\/ddeco.es\/web\/wp-json\/wp\/v2\/pages\/58\/revisions"}],"predecessor-version":[{"id":197,"href":"http:\/\/ddeco.es\/web\/wp-json\/wp\/v2\/pages\/58\/revisions\/197"}],"up":[{"embeddable":true,"href":"http:\/\/ddeco.es\/web\/wp-json\/wp\/v2\/pages\/24"}],"wp:attachment":[{"href":"http:\/\/ddeco.es\/web\/wp-json\/wp\/v2\/media?parent=58"}],"curies":[{"name":"wp","href":"https:\/\/api.w.org\/{rel}","templated":true}]}}