{"id":54,"date":"2014-05-29T15:05:44","date_gmt":"2014-05-29T15:05:44","guid":{"rendered":"http:\/\/ddeco.es\/?page_id=54"},"modified":"2014-07-02T15:17:32","modified_gmt":"2014-07-02T15:17:32","slug":"interiorismo-residencial","status":"publish","type":"page","link":"http:\/\/ddeco.es\/web\/trabajos-realizados-ddeco-diseno-decoracion-interiorismo-construccion\/interiorismo-residencial\/","title":{"rendered":"Interiorismo residencial"},"content":{"rendered":"<p>Viviendas, apartamentos, estudios, chalets\u2026 Nuestro sello personal se basa en estudiar a fondo cada proyecto para lograr la m\u00e1xima funcionalidad, y a\u00f1adirle un sugerente toque decorativo de autor, con el fin de crear espacios amables y habitables, funcionales y acogedores. <\/p>\n<style type=\"text\/css\">\n.logo_h img { border-bottom:5px solid #40a21b !important}\n<\/style>\n","protected":false},"excerpt":{"rendered":"Viviendas, apartamentos, estudios, chalets\u2026 Nuestro sello personal se basa en estudiar a fondo cada proyecto para lograr la m\u00e1xima funcionalidad, y a\u00f1adirle un sugerente toque decorativo de autor, con el fin de crear espacios amables y habitables, funcionales y acogedores.","protected":false},"author":2,"featured_media":0,"parent":24,"menu_order":1,"comment_status":"open","ping_status":"open","template":"page-Portfolio3Cols-filterable.php","meta":{"footnotes":""},"class_list":["post-54","page","type-page","status-publish","hentry"],"yoast_head":"<!-- This site is optimized with the Yoast SEO plugin v16.6.1 - https:\/\/yoast.com\/wordpress\/plugins\/seo\/ -->\n<meta name=\"description\" content=\"Ddec\u00f3. Dise\u00f1o, decoraci\u00f3n, interiorismo y construcci\u00f3n en viviendas. Estos son algunos de nuestros trabajos realizados m\u00e1s destacados en viviendas.\" \/>\n<meta name=\"robots\" content=\"index, follow, max-snippet:-1, max-image-preview:large, max-video-preview:-1\" \/>\n<link rel=\"canonical\" href=\"https:\/\/ddeco.es\/web\/trabajos-realizados-ddeco-diseno-decoracion-interiorismo-construccion\/interiorismo-residencial\/\" \/>\n<meta property=\"og:locale\" content=\"es_ES\" \/>\n<meta property=\"og:type\" content=\"article\" \/>\n<meta property=\"og:title\" content=\"Dise\u00f1o, decoraci\u00f3n, interiorismo y construcci\u00f3n en viviendas\" \/>\n<meta property=\"og:description\" content=\"Ddec\u00f3. Dise\u00f1o, decoraci\u00f3n, interiorismo y construcci\u00f3n en viviendas. Estos son algunos de nuestros trabajos realizados m\u00e1s destacados en viviendas.\" \/>\n<meta property=\"og:url\" content=\"https:\/\/ddeco.es\/web\/trabajos-realizados-ddeco-diseno-decoracion-interiorismo-construccion\/interiorismo-residencial\/\" \/>\n<meta property=\"og:site_name\" content=\"D&iacute;az Dec&oacute; (Ddec&oacute;) &middot; Dise&ntilde;o, Decoraci&oacute;n, Interiorismo y Construcci&oacute;n\" \/>\n<meta property=\"article:modified_time\" content=\"2014-07-02T15:17:32+00:00\" \/>\n<meta name=\"twitter:card\" content=\"summary_large_image\" \/>\n<script type=\"application\/ld+json\" class=\"yoast-schema-graph\">{\"@context\":\"https:\/\/schema.org\",\"@graph\":[{\"@type\":\"WebSite\",\"@id\":\"http:\/\/ddeco.es\/web\/#website\",\"url\":\"http:\/\/ddeco.es\/web\/\",\"name\":\"D&iacute;az Dec&oacute; (Ddec&oacute;) &middot; Dise&ntilde;o, Decoraci&oacute;n, Interiorismo y Construcci&oacute;n\",\"description\":\"Dise\\u00f1o, decoraci\\u00f3n y construcci\\u00f3n\",\"potentialAction\":[{\"@type\":\"SearchAction\",\"target\":{\"@type\":\"EntryPoint\",\"urlTemplate\":\"http:\/\/ddeco.es\/web\/?s={search_term_string}\"},\"query-input\":\"required name=search_term_string\"}],\"inLanguage\":\"es\"},{\"@type\":\"WebPage\",\"@id\":\"https:\/\/ddeco.es\/web\/trabajos-realizados-ddeco-diseno-decoracion-interiorismo-construccion\/interiorismo-residencial\/#webpage\",\"url\":\"https:\/\/ddeco.es\/web\/trabajos-realizados-ddeco-diseno-decoracion-interiorismo-construccion\/interiorismo-residencial\/\",\"name\":\"Dise\\u00f1o, decoraci\\u00f3n, interiorismo y construcci\\u00f3n en viviendas\",\"isPartOf\":{\"@id\":\"http:\/\/ddeco.es\/web\/#website\"},\"datePublished\":\"2014-05-29T15:05:44+00:00\",\"dateModified\":\"2014-07-02T15:17:32+00:00\",\"description\":\"Ddec\\u00f3. Dise\\u00f1o, decoraci\\u00f3n, interiorismo y construcci\\u00f3n en viviendas. Estos son algunos de nuestros trabajos realizados m\\u00e1s destacados en viviendas.\",\"breadcrumb\":{\"@id\":\"https:\/\/ddeco.es\/web\/trabajos-realizados-ddeco-diseno-decoracion-interiorismo-construccion\/interiorismo-residencial\/#breadcrumb\"},\"inLanguage\":\"es\",\"potentialAction\":[{\"@type\":\"ReadAction\",\"target\":[\"https:\/\/ddeco.es\/web\/trabajos-realizados-ddeco-diseno-decoracion-interiorismo-construccion\/interiorismo-residencial\/\"]}]},{\"@type\":\"BreadcrumbList\",\"@id\":\"https:\/\/ddeco.es\/web\/trabajos-realizados-ddeco-diseno-decoracion-interiorismo-construccion\/interiorismo-residencial\/#breadcrumb\",\"itemListElement\":[{\"@type\":\"ListItem\",\"position\":1,\"name\":\"Portada\",\"item\":\"http:\/\/ddeco.es\/web\/\"},{\"@type\":\"ListItem\",\"position\":2,\"name\":\"trabajos realizados\",\"item\":\"http:\/\/ddeco.es\/web\/trabajos-realizados-ddeco-diseno-decoracion-interiorismo-construccion\/\"},{\"@type\":\"ListItem\",\"position\":3,\"name\":\"Interiorismo residencial\"}]}]}<\/script>\n<!-- \/ Yoast SEO plugin. -->","_links":{"self":[{"href":"http:\/\/ddeco.es\/web\/wp-json\/wp\/v2\/pages\/54","targetHints":{"allow":["GET"]}}],"collection":[{"href":"http:\/\/ddeco.es\/web\/wp-json\/wp\/v2\/pages"}],"about":[{"href":"http:\/\/ddeco.es\/web\/wp-json\/wp\/v2\/types\/page"}],"author":[{"embeddable":true,"href":"http:\/\/ddeco.es\/web\/wp-json\/wp\/v2\/users\/2"}],"replies":[{"embeddable":true,"href":"http:\/\/ddeco.es\/web\/wp-json\/wp\/v2\/comments?post=54"}],"version-history":[{"count":8,"href":"http:\/\/ddeco.es\/web\/wp-json\/wp\/v2\/pages\/54\/revisions"}],"predecessor-version":[{"id":949,"href":"http:\/\/ddeco.es\/web\/wp-json\/wp\/v2\/pages\/54\/revisions\/949"}],"up":[{"embeddable":true,"href":"http:\/\/ddeco.es\/web\/wp-json\/wp\/v2\/pages\/24"}],"wp:attachment":[{"href":"http:\/\/ddeco.es\/web\/wp-json\/wp\/v2\/media?parent=54"}],"curies":[{"name":"wp","href":"https:\/\/api.w.org\/{rel}","templated":true}]}}