{"id":26,"date":"2014-04-30T10:37:07","date_gmt":"2014-04-30T10:37:07","guid":{"rendered":"http:\/\/ddeco.es\/?page_id=26"},"modified":"2018-05-27T09:55:48","modified_gmt":"2018-05-27T09:55:48","slug":"contacto-ddeco-diaz-deco","status":"publish","type":"page","link":"http:\/\/ddeco.es\/web\/contacto-ddeco-diaz-deco\/","title":{"rendered":"Contacto"},"content":{"rendered":"<div class=\"row \"><div class=\"span12 \"><iframe loading=\"lazy\" style=\"border: 0;\" src=\"https:\/\/www.google.com\/maps\/embed?pb=!1m16!1m10!1m3!1d725.0980042350523!2d-5.8702454!3d43.3688248!2m1!3f0!3m2!1i1024!2i768!4f13.1!3m3!1m2!1s0xd368d091aceb245%3A0x54f3295034835473!2sCalle+Illas%2C+6!5e0!3m2!1ses!2ses!4v1403862808220\" height=\"450\" width=\"100%\" frameborder=\"0\"><\/iframe><\/div><\/div><!-- .row (end) -->\n<div class=\"row \"><div class=\"span4 \"><h2 class=\"uc\">Informaci\u00f3n de contacto<\/h2>\n<p>Puedes contactar con nosotros por <strong>tel\u00e9fono<\/strong>, <strong>correo electr\u00f3nico<\/strong> o mediante el <strong>formulario de contacto<\/strong>. Tambi\u00e9n puedes pasar a <strong>visitarnos<\/strong>.<\/p>\n<p>C\/ ILLAS, 6 33012 Oviedo, Asturias<\/p>\n<p>Tel\u00e9fono: 985 24 45 53<\/p>\n<p>Email: ddeco@ddeco.es<\/p>\n<p><a href=\"https:\/\/www.facebook.com\/DDEC%C3%93-Dise%C3%B1o-Decoraci%C3%B3n-y-Construcci%C3%B3n-1645514032377603\/\"><a href=\"https:\/\/www.facebook.com\/DDEC%C3%93-Dise%C3%B1o-Decoraci%C3%B3n-y-Construcci%C3%B3n-1645514032377603\/\">Facebook Ddec\u00f3<\/a><\/a><\/p>\n<p><a href=\"https:\/\/www.instagram.com\/ddeco_ddyc\/?hl=es\">Instagram Ddec\u00f3<\/a><\/p>\n<p>&nbsp;<\/p><\/div><div class=\"span8 \"><div role=\"form\" class=\"wpcf7\" id=\"wpcf7-f9-o1\" lang=\"es-ES\" dir=\"ltr\">\n<div class=\"screen-reader-response\"><p role=\"status\" aria-live=\"polite\" aria-atomic=\"true\"><\/p> <ul><\/ul><\/div>\n<form action=\"\/web\/wp-json\/wp\/v2\/pages\/26#wpcf7-f9-o1\" method=\"post\" class=\"wpcf7-form init\" novalidate=\"novalidate\" data-status=\"init\">\n<div style=\"display: none;\">\n<input type=\"hidden\" name=\"_wpcf7\" value=\"9\" \/>\n<input type=\"hidden\" name=\"_wpcf7_version\" value=\"5.4.1\" \/>\n<input type=\"hidden\" name=\"_wpcf7_locale\" value=\"es_ES\" \/>\n<input type=\"hidden\" name=\"_wpcf7_unit_tag\" value=\"wpcf7-f9-o1\" \/>\n<input type=\"hidden\" name=\"_wpcf7_container_post\" value=\"0\" \/>\n<input type=\"hidden\" name=\"_wpcf7_posted_data_hash\" value=\"\" \/>\n<\/div>\n<h2>Formulario de contacto<\/h2>\n<div class=\"row-fluid\">\n<p class=\"span3 field\">Su nombre (requerido)<br \/>\n    <span class=\"wpcf7-form-control-wrap your-name\"><input type=\"text\" name=\"your-name\" value=\"\" size=\"40\" class=\"wpcf7-form-control wpcf7-text wpcf7-validates-as-required\" aria-required=\"true\" aria-invalid=\"false\" \/><\/span> <\/p>\n<p class=\"span3 field\">Su e-mail (requerido)<br \/>\n    <span class=\"wpcf7-form-control-wrap your-email\"><input type=\"email\" name=\"your-email\" value=\"\" size=\"40\" class=\"wpcf7-form-control wpcf7-text wpcf7-email wpcf7-validates-as-required wpcf7-validates-as-email\" aria-required=\"true\" aria-invalid=\"false\" \/><\/span> <\/p>\n<p class=\"span3 field\">Tel\u00e9fono<br \/>\n   <span class=\"wpcf7-form-control-wrap tel-852\"><input type=\"tel\" name=\"tel-852\" value=\"\" size=\"40\" class=\"wpcf7-form-control wpcf7-text wpcf7-tel wpcf7-validates-as-tel\" aria-invalid=\"false\" \/><\/span> <\/p>\n<p class=\"span3 field\">Asunto<br \/>\n    <span class=\"wpcf7-form-control-wrap your-subject\"><input type=\"text\" name=\"your-subject\" value=\"\" size=\"40\" class=\"wpcf7-form-control wpcf7-text\" aria-invalid=\"false\" \/><\/span> <\/p>\n<\/div>\n<div class=\"row-fluid\">\n<p class=\"field\">Su mensaje<br \/>\n    <span class=\"wpcf7-form-control-wrap your-message\"><textarea name=\"your-message\" cols=\"40\" rows=\"10\" class=\"wpcf7-form-control wpcf7-textarea\" aria-invalid=\"false\"><\/textarea><\/span> <\/p>\n<p class=\"submit-wrap\"><input type=\"submit\" value=\"Enviar\" class=\"wpcf7-form-control wpcf7-submit\" \/><\/p>\n<\/div>\n<p style=\"display: none !important;\" class=\"akismet-fields-container\" data-prefix=\"_wpcf7_ak_\"><label>&#916;<textarea name=\"_wpcf7_ak_hp_textarea\" cols=\"45\" rows=\"8\" maxlength=\"100\"><\/textarea><\/label><input type=\"hidden\" id=\"ak_js_1\" name=\"_wpcf7_ak_js\" value=\"86\"\/><script>document.getElementById( \"ak_js_1\" ).setAttribute( \"value\", ( new Date() ).getTime() );<\/script><\/p><div class=\"wpcf7-response-output\" aria-hidden=\"true\"><\/div><\/form><\/div><\/div><\/div><!-- .row (end) -->\n","protected":false},"excerpt":{"rendered":"","protected":false},"author":2,"featured_media":0,"parent":0,"menu_order":4,"comment_status":"open","ping_status":"open","template":"page-fullwidth.php","meta":{"footnotes":""},"class_list":["post-26","page","type-page","status-publish","hentry"],"yoast_head":"<!-- This site is optimized with the Yoast SEO plugin v16.6.1 - https:\/\/yoast.com\/wordpress\/plugins\/seo\/ -->\n<meta name=\"description\" content=\"P\u00e1gina de contacto de Ddec\u00f3, D\u00edaz Dec\u00f3. Dise\u00f1o, decoraci\u00f3n, interiorismo y construcci\u00f3n.\" \/>\n<meta name=\"robots\" content=\"index, follow, max-snippet:-1, max-image-preview:large, max-video-preview:-1\" \/>\n<link rel=\"canonical\" href=\"http:\/\/ddeco.es\/web\/contacto-ddeco-diaz-deco\/\" \/>\n<meta property=\"og:locale\" content=\"es_ES\" \/>\n<meta property=\"og:type\" content=\"article\" \/>\n<meta property=\"og:title\" content=\"Contacto - D&iacute;az Dec&oacute; (Ddec&oacute;) &middot; Dise&ntilde;o, Decoraci&oacute;n, Interiorismo y Construcci&oacute;n\" \/>\n<meta property=\"og:description\" content=\"P\u00e1gina de contacto de Ddec\u00f3, D\u00edaz Dec\u00f3. Dise\u00f1o, decoraci\u00f3n, interiorismo y construcci\u00f3n.\" \/>\n<meta property=\"og:url\" content=\"http:\/\/ddeco.es\/web\/contacto-ddeco-diaz-deco\/\" \/>\n<meta property=\"og:site_name\" content=\"D&iacute;az Dec&oacute; (Ddec&oacute;) &middot; Dise&ntilde;o, Decoraci&oacute;n, Interiorismo y Construcci&oacute;n\" \/>\n<meta property=\"article:modified_time\" content=\"2018-05-27T09:55:48+00:00\" \/>\n<meta name=\"twitter:card\" content=\"summary_large_image\" \/>\n<script type=\"application\/ld+json\" class=\"yoast-schema-graph\">{\"@context\":\"https:\/\/schema.org\",\"@graph\":[{\"@type\":\"WebSite\",\"@id\":\"http:\/\/ddeco.es\/web\/#website\",\"url\":\"http:\/\/ddeco.es\/web\/\",\"name\":\"D&iacute;az Dec&oacute; (Ddec&oacute;) &middot; Dise&ntilde;o, Decoraci&oacute;n, Interiorismo y Construcci&oacute;n\",\"description\":\"Dise\\u00f1o, decoraci\\u00f3n y construcci\\u00f3n\",\"potentialAction\":[{\"@type\":\"SearchAction\",\"target\":{\"@type\":\"EntryPoint\",\"urlTemplate\":\"http:\/\/ddeco.es\/web\/?s={search_term_string}\"},\"query-input\":\"required name=search_term_string\"}],\"inLanguage\":\"es\"},{\"@type\":\"WebPage\",\"@id\":\"http:\/\/ddeco.es\/web\/contacto-ddeco-diaz-deco\/#webpage\",\"url\":\"http:\/\/ddeco.es\/web\/contacto-ddeco-diaz-deco\/\",\"name\":\"Contacto - D&iacute;az Dec&oacute; (Ddec&oacute;) &middot; Dise&ntilde;o, Decoraci&oacute;n, Interiorismo y Construcci&oacute;n\",\"isPartOf\":{\"@id\":\"http:\/\/ddeco.es\/web\/#website\"},\"datePublished\":\"2014-04-30T10:37:07+00:00\",\"dateModified\":\"2018-05-27T09:55:48+00:00\",\"description\":\"P\\u00e1gina de contacto de Ddec\\u00f3, D\\u00edaz Dec\\u00f3. Dise\\u00f1o, decoraci\\u00f3n, interiorismo y construcci\\u00f3n.\",\"breadcrumb\":{\"@id\":\"http:\/\/ddeco.es\/web\/contacto-ddeco-diaz-deco\/#breadcrumb\"},\"inLanguage\":\"es\",\"potentialAction\":[{\"@type\":\"ReadAction\",\"target\":[\"http:\/\/ddeco.es\/web\/contacto-ddeco-diaz-deco\/\"]}]},{\"@type\":\"BreadcrumbList\",\"@id\":\"http:\/\/ddeco.es\/web\/contacto-ddeco-diaz-deco\/#breadcrumb\",\"itemListElement\":[{\"@type\":\"ListItem\",\"position\":1,\"name\":\"Portada\",\"item\":\"http:\/\/ddeco.es\/web\/\"},{\"@type\":\"ListItem\",\"position\":2,\"name\":\"Contacto\"}]}]}<\/script>\n<!-- \/ Yoast SEO plugin. -->","_links":{"self":[{"href":"http:\/\/ddeco.es\/web\/wp-json\/wp\/v2\/pages\/26","targetHints":{"allow":["GET"]}}],"collection":[{"href":"http:\/\/ddeco.es\/web\/wp-json\/wp\/v2\/pages"}],"about":[{"href":"http:\/\/ddeco.es\/web\/wp-json\/wp\/v2\/types\/page"}],"author":[{"embeddable":true,"href":"http:\/\/ddeco.es\/web\/wp-json\/wp\/v2\/users\/2"}],"replies":[{"embeddable":true,"href":"http:\/\/ddeco.es\/web\/wp-json\/wp\/v2\/comments?post=26"}],"version-history":[{"count":24,"href":"http:\/\/ddeco.es\/web\/wp-json\/wp\/v2\/pages\/26\/revisions"}],"predecessor-version":[{"id":1011,"href":"http:\/\/ddeco.es\/web\/wp-json\/wp\/v2\/pages\/26\/revisions\/1011"}],"wp:attachment":[{"href":"http:\/\/ddeco.es\/web\/wp-json\/wp\/v2\/media?parent=26"}],"curies":[{"name":"wp","href":"https:\/\/api.w.org\/{rel}","templated":true}]}}